{"id":2,"date":"2024-11-13T00:55:39","date_gmt":"2024-11-12T23:55:39","guid":{"rendered":"http:\/\/www.elements-jazz.com\/?page_id=2"},"modified":"2024-11-13T16:51:13","modified_gmt":"2024-11-13T15:51:13","slug":"elements-jazz","status":"publish","type":"page","link":"https:\/\/www.elements-jazz.com\/","title":{"rendered":"Elements Jazz"},"content":{"rendered":"\t\t<div data-elementor-type=\"wp-page\" data-elementor-id=\"2\" class=\"elementor elementor-2\">\n\t\t\t\t<div class=\"elementor-element elementor-element-149aa0bb e-flex e-con-boxed wpr-particle-no wpr-jarallax-no wpr-parallax-no wpr-sticky-section-no e-con e-parent\" data-id=\"149aa0bb\" data-element_type=\"container\">\n\t\t\t\t\t<div class=\"e-con-inner\">\n\t\t\t\t<div class=\"elementor-element elementor-element-1fb5c278 elementor-widget elementor-widget-text-editor\" data-id=\"1fb5c278\" data-element_type=\"widget\" data-widget_type=\"text-editor.default\">\n\t\t\t\t<div class=\"elementor-widget-container\">\n\t\t\t\t\t\t\t<p>D\u00e9couvrez <em>Elements Jazz<\/em>, un groupe de jazz parisien offrant une immersion musicale authentique \u00e0 travers des standards des ann\u00e9es 30 \u00e0 70, allant du swing et bebop \u00e0 la soul et au funk. Chaque performance est une invitation \u00e0 voyager \u00e0 travers les grandes p\u00e9riodes du jazz, envelopp\u00e9e de rythmes swing, bossa nova, blues et funk.<\/p>\t\t\t\t\t\t<\/div>\n\t\t\t\t<\/div>\n\t\t\t\t\t<\/div>\n\t\t\t\t<\/div>\n\t\t<div class=\"elementor-element elementor-element-e5778a6 e-grid e-con-boxed wpr-particle-no wpr-jarallax-no wpr-parallax-no wpr-sticky-section-no e-con e-parent\" data-id=\"e5778a6\" data-element_type=\"container\">\n\t\t\t\t\t<div class=\"e-con-inner\">\n\t\t\t\t<div class=\"elementor-element elementor-element-5e93cb4 elementor-widget elementor-widget-video\" data-id=\"5e93cb4\" data-element_type=\"widget\" data-settings=\"{&quot;youtube_url&quot;:&quot;https:\\\/\\\/youtu.be\\\/ZeHiIe01_aE&quot;,&quot;show_image_overlay&quot;:&quot;yes&quot;,&quot;image_overlay&quot;:{&quot;url&quot;:&quot;http:\\\/\\\/www.elements-jazz.com\\\/wp-content\\\/uploads\\\/2024\\\/11\\\/168f1734-a194-4a9f-9fc4-a4aba0050248-Copy.jpg&quot;,&quot;id&quot;:4,&quot;size&quot;:&quot;&quot;,&quot;alt&quot;:&quot;&quot;,&quot;source&quot;:&quot;library&quot;},&quot;video_type&quot;:&quot;youtube&quot;}\" data-widget_type=\"video.default\">\n\t\t\t\t<div class=\"elementor-widget-container\">\n\t\t\t\t\t<div class=\"elementor-wrapper elementor-open-inline\">\n\t\t\t<div class=\"elementor-video\"><\/div>\t\t\t\t<div class=\"elementor-custom-embed-image-overlay\" style=\"background-image: url(https:\/\/www.elements-jazz.com\/wp-content\/uploads\/2024\/11\/168f1734-a194-4a9f-9fc4-a4aba0050248-Copy.jpg);\">\n\t\t\t\t\t\t\t\t\t\t\t\t\t\t\t\t<div class=\"elementor-custom-embed-play\" role=\"button\" aria-label=\"Lire la vid\u00e9o\" tabindex=\"0\">\n\t\t\t\t\t\t\t<svg aria-hidden=\"true\" class=\"e-font-icon-svg e-eicon-play\" viewBox=\"0 0 1000 1000\" xmlns=\"http:\/\/www.w3.org\/2000\/svg\"><path d=\"M838 162C746 71 633 25 500 25 371 25 258 71 163 162 71 254 25 367 25 500 25 633 71 746 163 837 254 929 367 979 500 979 633 979 746 933 838 837 929 746 975 633 975 500 975 367 929 254 838 162M808 192C892 279 933 379 933 500 933 621 892 725 808 808 725 892 621 938 500 938 379 938 279 896 196 808 113 725 67 621 67 500 67 379 108 279 196 192 279 108 383 62 500 62 621 62 721 108 808 192M438 392V642L642 517 438 392Z\"><\/path><\/svg>\t\t\t\t\t\t\t<span class=\"elementor-screen-only\">Lire la vid\u00e9o<\/span>\n\t\t\t\t\t\t<\/div>\n\t\t\t\t\t\t\t\t\t<\/div>\n\t\t\t\t\t<\/div>\n\t\t\t\t<\/div>\n\t\t\t\t<\/div>\n\t\t\t\t<div class=\"elementor-element elementor-element-f890998 elementor-widget elementor-widget-video\" data-id=\"f890998\" data-element_type=\"widget\" data-settings=\"{&quot;youtube_url&quot;:&quot;https:\\\/\\\/youtu.be\\\/lKA6y7KKjFs&quot;,&quot;show_image_overlay&quot;:&quot;yes&quot;,&quot;image_overlay&quot;:{&quot;url&quot;:&quot;http:\\\/\\\/www.elements-jazz.com\\\/wp-content\\\/uploads\\\/2024\\\/11\\\/Boeuf-sur-le-toit-scaled.jpeg&quot;,&quot;id&quot;:22,&quot;size&quot;:&quot;&quot;,&quot;alt&quot;:&quot;&quot;,&quot;source&quot;:&quot;library&quot;},&quot;video_type&quot;:&quot;youtube&quot;}\" data-widget_type=\"video.default\">\n\t\t\t\t<div class=\"elementor-widget-container\">\n\t\t\t\t\t<div class=\"elementor-wrapper elementor-open-inline\">\n\t\t\t<div class=\"elementor-video\"><\/div>\t\t\t\t<div class=\"elementor-custom-embed-image-overlay\" style=\"background-image: url(https:\/\/www.elements-jazz.com\/wp-content\/uploads\/2024\/11\/Boeuf-sur-le-toit-scaled.jpeg);\">\n\t\t\t\t\t\t\t\t\t\t\t\t\t\t\t\t<div class=\"elementor-custom-embed-play\" role=\"button\" aria-label=\"Lire la vid\u00e9o\" tabindex=\"0\">\n\t\t\t\t\t\t\t<svg aria-hidden=\"true\" class=\"e-font-icon-svg e-eicon-play\" viewBox=\"0 0 1000 1000\" xmlns=\"http:\/\/www.w3.org\/2000\/svg\"><path d=\"M838 162C746 71 633 25 500 25 371 25 258 71 163 162 71 254 25 367 25 500 25 633 71 746 163 837 254 929 367 979 500 979 633 979 746 933 838 837 929 746 975 633 975 500 975 367 929 254 838 162M808 192C892 279 933 379 933 500 933 621 892 725 808 808 725 892 621 938 500 938 379 938 279 896 196 808 113 725 67 621 67 500 67 379 108 279 196 192 279 108 383 62 500 62 621 62 721 108 808 192M438 392V642L642 517 438 392Z\"><\/path><\/svg>\t\t\t\t\t\t\t<span class=\"elementor-screen-only\">Lire la vid\u00e9o<\/span>\n\t\t\t\t\t\t<\/div>\n\t\t\t\t\t\t\t\t\t<\/div>\n\t\t\t\t\t<\/div>\n\t\t\t\t<\/div>\n\t\t\t\t<\/div>\n\t\t\t\t\t<\/div>\n\t\t\t\t<\/div>\n\t\t<div class=\"elementor-element elementor-element-445c8bb e-flex e-con-boxed wpr-particle-no wpr-jarallax-no wpr-parallax-no wpr-sticky-section-no e-con e-parent\" data-id=\"445c8bb\" data-element_type=\"container\">\n\t\t\t\t\t<div class=\"e-con-inner\">\n\t\t\t\t<div class=\"elementor-element elementor-element-acefa7f elementor-widget elementor-widget-text-editor\" data-id=\"acefa7f\" data-element_type=\"widget\" data-widget_type=\"text-editor.default\">\n\t\t\t\t<div class=\"elementor-widget-container\">\n\t\t\t\t\t\t\t<h3>\u00c0 propos<\/h3>\n<p><strong>Biographie<\/strong> : Les membres d&rsquo;Elements Jazz ont tous \u00e9t\u00e9 form\u00e9s \u00e0 l&rsquo;American School of Modern Music et au Paris College of Music, avec un noyau compos\u00e9 d&rsquo;Arnaud Quercy (piano), Elliot Langlois (contrebasse) et Romain Courty (batterie). La polyvalence du groupe s&rsquo;exprime pleinement avec l&rsquo;ajout de guitaristes talentueux tels que Jeremy Quentin, Pierre-Alexis Courty et Elliott Stolz, transformant le trio en un quartet capable d&rsquo;explorer des registres plus \u00e9lectriques et des jeux rythmiques riches.<\/p>\n<h3>Services propos\u00e9s<\/h3>\n<p><strong>Formules adapt\u00e9es<\/strong> :<\/p>\n<ul>\n<li><strong>Duo<\/strong> : Piano et contrebasse<\/li>\n<li><strong>Trio<\/strong> : Ajout de batterie<\/li>\n<li><strong>Quartet<\/strong> : Trio avec ajout de guitare, chant ou saxophone<\/li>\n<\/ul>\n<p><strong>Nos prestations incluent<\/strong> :<\/p>\n<ul>\n<li>Concerts modulables de 45 minutes \u00e0 3 heures<\/li>\n<li>Fourniture de sonorisation locale<\/li>\n<li>Adaptation \u00e0 des lieux vari\u00e9s, des grandes salles aux bars intimistes<\/li>\n<li>Facturation directe par les artistes, sans interm\u00e9diaires.<\/li>\n<\/ul>\n<h3>R\u00e9pertoire<\/h3>\n<p><em>Elements Jazz<\/em> revisite les \u0153uvres de grands noms tels que Duke Ellington, Cole Porter, Miles Davis, Charlie Parker, et bien d&rsquo;autres, tout en apportant une touche moderne et personnelle.<\/p>\t\t\t\t\t\t<\/div>\n\t\t\t\t<\/div>\n\t\t\t\t\t<\/div>\n\t\t\t\t<\/div>\n\t\t\t\t<\/div>\n\t\t","protected":false},"excerpt":{"rendered":"<p>D\u00e9couvrez Elements Jazz, un groupe de jazz parisien offrant une immersion musicale authentique \u00e0 travers des standards des ann\u00e9es 30 \u00e0 70, allant du swing et bebop \u00e0 la soul et au funk. Chaque performance est une invitation \u00e0 voyager \u00e0 travers les grandes p\u00e9riodes du jazz, envelopp\u00e9e de rythmes swing, bossa nova, blues et funk. https:\/\/youtu.be\/ZeHiIe01_aEhttps:\/\/youtu.be\/lKA6y7KKjFs \u00c0 propos Biographie : Les membres d&rsquo;Elements Jazz ont tous \u00e9t\u00e9 form\u00e9s \u00e0 l&rsquo;American School of Modern Music et au Paris College of Music, avec un noyau compos\u00e9 d&rsquo;Arnaud Quercy (piano), Elliot Langlois (contrebasse) et Romain Courty (batterie). La polyvalence du groupe s&rsquo;exprime pleinement avec l&rsquo;ajout de guitaristes talentueux tels que Jeremy Quentin, Pierre-Alexis Courty et Elliott Stolz, transformant le trio en un quartet capable d&rsquo;explorer des registres plus \u00e9lectriques et des jeux rythmiques riches. Services propos\u00e9s Formules adapt\u00e9es : Duo : Piano et contrebasse Trio : Ajout de batterie Quartet : Trio avec ajout de guitare, chant ou saxophone Nos prestations incluent : Concerts modulables de 45 minutes \u00e0 3 heures Fourniture de sonorisation locale Adaptation \u00e0 des lieux vari\u00e9s, des grandes salles aux bars intimistes Facturation directe par les artistes, sans interm\u00e9diaires. R\u00e9pertoire Elements Jazz revisite les \u0153uvres de grands noms tels que Duke Ellington, Cole Porter, Miles Davis, Charlie Parker, et bien d&rsquo;autres, tout en apportant une touche moderne et personnelle.<\/p>\n","protected":false},"author":1,"featured_media":0,"parent":0,"menu_order":0,"comment_status":"closed","ping_status":"closed","template":"","meta":{"footnotes":""},"class_list":["post-2","page","type-page","status-publish","hentry"],"yoast_head":"<!-- This site is optimized with the Yoast SEO plugin v23.8 - https:\/\/yoast.com\/wordpress\/plugins\/seo\/ -->\n<title>Elements Jazz - Elements Jazz<\/title>\n<meta name=\"robots\" content=\"index, follow, max-snippet:-1, max-image-preview:large, max-video-preview:-1\" \/>\n<link rel=\"canonical\" href=\"http:\/\/www.elements-jazz.com\/\" \/>\n<meta property=\"og:locale\" content=\"fr_FR\" \/>\n<meta property=\"og:type\" content=\"article\" \/>\n<meta property=\"og:title\" content=\"Elements Jazz\" \/>\n<meta property=\"og:description\" content=\"Plongez dans l&#039;univers d&#039;Elements Jazz, le groupe parisien qui r\u00e9invente les classiques du jazz. De la bossa nova au swing en passant par le funk, suivez notre aventure musicale \u00e0 travers nos concerts, r\u00e9sidences et \u00e9v\u00e9nements. Retrouvez nos derni\u00e8res performances, l&#039;histoire de nos musiciens, et explorez notre blog pour revivre nos moments forts. Pour les passionn\u00e9s de jazz et ceux en qu\u00eate de soir\u00e9es musicales inoubliables.\" \/>\n<meta property=\"og:url\" content=\"http:\/\/www.elements-jazz.com\/\" \/>\n<meta property=\"og:site_name\" content=\"Elements Jazz\" \/>\n<meta property=\"article:modified_time\" content=\"2024-11-13T15:51:13+00:00\" \/>\n<meta property=\"og:image\" content=\"http:\/\/www.elements-jazz.com\/wp-content\/uploads\/2024\/11\/Boeuf-sur-le-toit-3.jpg\" \/>\n\t<meta property=\"og:image:width\" content=\"1714\" \/>\n\t<meta property=\"og:image:height\" content=\"1714\" \/>\n\t<meta property=\"og:image:type\" content=\"image\/jpeg\" \/>\n<meta name=\"twitter:card\" content=\"summary_large_image\" \/>\n<meta name=\"twitter:label1\" content=\"Dur\u00e9e de lecture estim\u00e9e\" \/>\n\t<meta name=\"twitter:data1\" content=\"2 minutes\" \/>\n<script type=\"application\/ld+json\" class=\"yoast-schema-graph\">{\"@context\":\"https:\/\/schema.org\",\"@graph\":[{\"@type\":\"WebPage\",\"@id\":\"http:\/\/www.elements-jazz.com\/\",\"url\":\"http:\/\/www.elements-jazz.com\/\",\"name\":\"Elements Jazz - Elements Jazz\",\"isPartOf\":{\"@id\":\"http:\/\/www.elements-jazz.com\/#website\"},\"datePublished\":\"2024-11-12T23:55:39+00:00\",\"dateModified\":\"2024-11-13T15:51:13+00:00\",\"breadcrumb\":{\"@id\":\"http:\/\/www.elements-jazz.com\/#breadcrumb\"},\"inLanguage\":\"fr-FR\",\"potentialAction\":[{\"@type\":\"ReadAction\",\"target\":[\"http:\/\/www.elements-jazz.com\/\"]}]},{\"@type\":\"BreadcrumbList\",\"@id\":\"http:\/\/www.elements-jazz.com\/#breadcrumb\",\"itemListElement\":[{\"@type\":\"ListItem\",\"position\":1,\"name\":\"Accueil\",\"item\":\"http:\/\/www.elements-jazz.com\/\"},{\"@type\":\"ListItem\",\"position\":2,\"name\":\"Elements Jazz\"}]},{\"@type\":\"WebSite\",\"@id\":\"http:\/\/www.elements-jazz.com\/#website\",\"url\":\"http:\/\/www.elements-jazz.com\/\",\"name\":\"Elements Jazz\",\"description\":\"Vibrez au rythme d\u2019Elements Jazz\",\"potentialAction\":[{\"@type\":\"SearchAction\",\"target\":{\"@type\":\"EntryPoint\",\"urlTemplate\":\"http:\/\/www.elements-jazz.com\/?s={search_term_string}\"},\"query-input\":{\"@type\":\"PropertyValueSpecification\",\"valueRequired\":true,\"valueName\":\"search_term_string\"}}],\"inLanguage\":\"fr-FR\"}]}<\/script>\n<!-- \/ Yoast SEO plugin. -->","yoast_head_json":{"title":"Elements Jazz - Elements Jazz","robots":{"index":"index","follow":"follow","max-snippet":"max-snippet:-1","max-image-preview":"max-image-preview:large","max-video-preview":"max-video-preview:-1"},"canonical":"http:\/\/www.elements-jazz.com\/","og_locale":"fr_FR","og_type":"article","og_title":"Elements Jazz","og_description":"Plongez dans l'univers d'Elements Jazz, le groupe parisien qui r\u00e9invente les classiques du jazz. De la bossa nova au swing en passant par le funk, suivez notre aventure musicale \u00e0 travers nos concerts, r\u00e9sidences et \u00e9v\u00e9nements. Retrouvez nos derni\u00e8res performances, l'histoire de nos musiciens, et explorez notre blog pour revivre nos moments forts. Pour les passionn\u00e9s de jazz et ceux en qu\u00eate de soir\u00e9es musicales inoubliables.","og_url":"http:\/\/www.elements-jazz.com\/","og_site_name":"Elements Jazz","article_modified_time":"2024-11-13T15:51:13+00:00","og_image":[{"width":1714,"height":1714,"url":"http:\/\/www.elements-jazz.com\/wp-content\/uploads\/2024\/11\/Boeuf-sur-le-toit-3.jpg","type":"image\/jpeg"}],"twitter_card":"summary_large_image","twitter_misc":{"Dur\u00e9e de lecture estim\u00e9e":"2 minutes"},"schema":{"@context":"https:\/\/schema.org","@graph":[{"@type":"WebPage","@id":"http:\/\/www.elements-jazz.com\/","url":"http:\/\/www.elements-jazz.com\/","name":"Elements Jazz - Elements Jazz","isPartOf":{"@id":"http:\/\/www.elements-jazz.com\/#website"},"datePublished":"2024-11-12T23:55:39+00:00","dateModified":"2024-11-13T15:51:13+00:00","breadcrumb":{"@id":"http:\/\/www.elements-jazz.com\/#breadcrumb"},"inLanguage":"fr-FR","potentialAction":[{"@type":"ReadAction","target":["http:\/\/www.elements-jazz.com\/"]}]},{"@type":"BreadcrumbList","@id":"http:\/\/www.elements-jazz.com\/#breadcrumb","itemListElement":[{"@type":"ListItem","position":1,"name":"Accueil","item":"http:\/\/www.elements-jazz.com\/"},{"@type":"ListItem","position":2,"name":"Elements Jazz"}]},{"@type":"WebSite","@id":"http:\/\/www.elements-jazz.com\/#website","url":"http:\/\/www.elements-jazz.com\/","name":"Elements Jazz","description":"Vibrez au rythme d\u2019Elements Jazz","potentialAction":[{"@type":"SearchAction","target":{"@type":"EntryPoint","urlTemplate":"http:\/\/www.elements-jazz.com\/?s={search_term_string}"},"query-input":{"@type":"PropertyValueSpecification","valueRequired":true,"valueName":"search_term_string"}}],"inLanguage":"fr-FR"}]}},"_links":{"self":[{"href":"https:\/\/www.elements-jazz.com\/index.php\/wp-json\/wp\/v2\/pages\/2","targetHints":{"allow":["GET"]}}],"collection":[{"href":"https:\/\/www.elements-jazz.com\/index.php\/wp-json\/wp\/v2\/pages"}],"about":[{"href":"https:\/\/www.elements-jazz.com\/index.php\/wp-json\/wp\/v2\/types\/page"}],"author":[{"embeddable":true,"href":"https:\/\/www.elements-jazz.com\/index.php\/wp-json\/wp\/v2\/users\/1"}],"replies":[{"embeddable":true,"href":"https:\/\/www.elements-jazz.com\/index.php\/wp-json\/wp\/v2\/comments?post=2"}],"version-history":[{"count":27,"href":"https:\/\/www.elements-jazz.com\/index.php\/wp-json\/wp\/v2\/pages\/2\/revisions"}],"predecessor-version":[{"id":361,"href":"https:\/\/www.elements-jazz.com\/index.php\/wp-json\/wp\/v2\/pages\/2\/revisions\/361"}],"wp:attachment":[{"href":"https:\/\/www.elements-jazz.com\/index.php\/wp-json\/wp\/v2\/media?parent=2"}],"curies":[{"name":"wp","href":"https:\/\/api.w.org\/{rel}","templated":true}]}}