{"id":84,"date":"2024-11-13T11:50:52","date_gmt":"2024-11-13T10:50:52","guid":{"rendered":"https:\/\/www.elements-jazz.com\/?page_id=84"},"modified":"2024-11-13T14:16:33","modified_gmt":"2024-11-13T13:16:33","slug":"repertoire","status":"publish","type":"page","link":"https:\/\/www.elements-jazz.com\/index.php\/repertoire\/","title":{"rendered":"Repertoire"},"content":{"rendered":"\t\t<div data-elementor-type=\"wp-page\" data-elementor-id=\"84\" class=\"elementor elementor-84\">\n\t\t\t\t<div class=\"elementor-element elementor-element-abb56ed e-flex e-con-boxed wpr-particle-no wpr-jarallax-no wpr-parallax-no wpr-sticky-section-no e-con e-parent\" data-id=\"abb56ed\" data-element_type=\"container\">\n\t\t\t\t\t<div class=\"e-con-inner\">\n\t\t\t\t<div class=\"elementor-element elementor-element-2130b08 elementor-widget elementor-widget-video\" data-id=\"2130b08\" data-element_type=\"widget\" data-settings=\"{&quot;youtube_url&quot;:&quot;https:\\\/\\\/youtu.be\\\/NX61yeV07Vg?si=7lOtGUe8a6sFNgeI&quot;,&quot;video_type&quot;:&quot;youtube&quot;}\" data-widget_type=\"video.default\">\n\t\t\t\t<div class=\"elementor-widget-container\">\n\t\t\t\t\t<div class=\"elementor-wrapper elementor-open-inline\">\n\t\t\t<div class=\"elementor-video\"><\/div>\t\t<\/div>\n\t\t\t\t<\/div>\n\t\t\t\t<\/div>\n\t\t\t\t\t<\/div>\n\t\t\t\t<\/div>\n\t\t<div class=\"elementor-element elementor-element-71acbdb e-flex e-con-boxed wpr-particle-no wpr-jarallax-no wpr-parallax-no wpr-sticky-section-no e-con e-parent\" data-id=\"71acbdb\" data-element_type=\"container\">\n\t\t\t\t\t<div class=\"e-con-inner\">\n\t\t\t\t<div class=\"elementor-element elementor-element-d18a811 elementor-widget elementor-widget-text-editor\" data-id=\"d18a811\" data-element_type=\"widget\" data-widget_type=\"text-editor.default\">\n\t\t\t\t<div class=\"elementor-widget-container\">\n\t\t\t\t\t\t\t<p><strong>Exploration musicale<\/strong><br \/>Elements Jazz propose un voyage \u00e0 travers l&rsquo;histoire du jazz, de ses racines swing aux explorations funk et soul des ann\u00e9es 70. Voici quelques exemples des artistes et compositions interpr\u00e9t\u00e9s par le groupe :<\/p><ul><li><strong>Ann\u00e9es 30-40<\/strong> : Duke Ellington, Fats Waller, Cole Porter<\/li><li><strong>Ann\u00e9es 50<\/strong> : Miles Davis, Charlie Parker, Dizzy Gillespie<\/li><li><strong>Ann\u00e9es 60<\/strong> : Horace Silver, Richard Rodgers<\/li><li><strong>Ann\u00e9es 70<\/strong> : Herbie Hancock, fusion jazz-funk<\/li><li><strong>Styles vari\u00e9s<\/strong> : Swing, bossa nova, latin jazz, blues et funk.<\/li><\/ul><p>Chaque performance est con\u00e7ue pour (re)d\u00e9couvrir les grands classiques tout en int\u00e9grant une touche moderne propre \u00e0 Elements Jazz.<\/p>\t\t\t\t\t\t<\/div>\n\t\t\t\t<\/div>\n\t\t\t\t\t<\/div>\n\t\t\t\t<\/div>\n\t\t<div class=\"elementor-element elementor-element-9c78c58 e-flex e-con-boxed wpr-particle-no wpr-jarallax-no wpr-parallax-no wpr-sticky-section-no e-con e-parent\" data-id=\"9c78c58\" data-element_type=\"container\">\n\t\t\t\t\t<div class=\"e-con-inner\">\n\t\t\t\t<div class=\"elementor-element elementor-element-739687a elementor-arrows-position-inside elementor-pagination-position-outside elementor-widget elementor-widget-image-carousel\" data-id=\"739687a\" data-element_type=\"widget\" data-settings=\"{&quot;navigation&quot;:&quot;both&quot;,&quot;autoplay&quot;:&quot;yes&quot;,&quot;pause_on_hover&quot;:&quot;yes&quot;,&quot;pause_on_interaction&quot;:&quot;yes&quot;,&quot;autoplay_speed&quot;:5000,&quot;infinite&quot;:&quot;yes&quot;,&quot;speed&quot;:500}\" data-widget_type=\"image-carousel.default\">\n\t\t\t\t<div class=\"elementor-widget-container\">\n\t\t\t\t\t<div class=\"elementor-image-carousel-wrapper swiper\" dir=\"ltr\">\n\t\t\t<div class=\"elementor-image-carousel swiper-wrapper\" aria-live=\"off\">\n\t\t\t\t\t\t\t\t<div class=\"swiper-slide\" role=\"group\" aria-roledescription=\"slide\" aria-label=\"1 sur 10\"><figure class=\"swiper-slide-inner\"><img decoding=\"async\" class=\"swiper-slide-image\" src=\"http:\/\/www.elements-jazz.com\/wp-content\/uploads\/2024\/11\/IMG_9265-225x300.jpg\" alt=\"IMG_9265\" \/><\/figure><\/div><div class=\"swiper-slide\" role=\"group\" aria-roledescription=\"slide\" aria-label=\"2 sur 10\"><figure class=\"swiper-slide-inner\"><img decoding=\"async\" class=\"swiper-slide-image\" src=\"http:\/\/www.elements-jazz.com\/wp-content\/uploads\/2024\/11\/IMG_9264-225x300.jpg\" alt=\"IMG_9264\" \/><\/figure><\/div><div class=\"swiper-slide\" role=\"group\" aria-roledescription=\"slide\" aria-label=\"3 sur 10\"><figure class=\"swiper-slide-inner\"><img decoding=\"async\" class=\"swiper-slide-image\" src=\"http:\/\/www.elements-jazz.com\/wp-content\/uploads\/2024\/11\/IMG_9263-225x300.jpg\" alt=\"IMG_9263\" \/><\/figure><\/div><div class=\"swiper-slide\" role=\"group\" aria-roledescription=\"slide\" aria-label=\"4 sur 10\"><figure class=\"swiper-slide-inner\"><img decoding=\"async\" class=\"swiper-slide-image\" src=\"http:\/\/www.elements-jazz.com\/wp-content\/uploads\/2024\/11\/IMG_9262-225x300.jpg\" alt=\"IMG_9262\" \/><\/figure><\/div><div class=\"swiper-slide\" role=\"group\" aria-roledescription=\"slide\" aria-label=\"5 sur 10\"><figure class=\"swiper-slide-inner\"><img decoding=\"async\" class=\"swiper-slide-image\" src=\"http:\/\/www.elements-jazz.com\/wp-content\/uploads\/2024\/11\/IMG_9261-225x300.jpg\" alt=\"IMG_9261\" \/><\/figure><\/div><div class=\"swiper-slide\" role=\"group\" aria-roledescription=\"slide\" aria-label=\"6 sur 10\"><figure class=\"swiper-slide-inner\"><img decoding=\"async\" class=\"swiper-slide-image\" src=\"http:\/\/www.elements-jazz.com\/wp-content\/uploads\/2024\/11\/IMG_9260-225x300.jpg\" alt=\"IMG_9260\" \/><\/figure><\/div><div class=\"swiper-slide\" role=\"group\" aria-roledescription=\"slide\" aria-label=\"7 sur 10\"><figure class=\"swiper-slide-inner\"><img decoding=\"async\" class=\"swiper-slide-image\" src=\"http:\/\/www.elements-jazz.com\/wp-content\/uploads\/2024\/11\/IMG_9259-225x300.jpg\" alt=\"IMG_9259\" \/><\/figure><\/div><div class=\"swiper-slide\" role=\"group\" aria-roledescription=\"slide\" aria-label=\"8 sur 10\"><figure class=\"swiper-slide-inner\"><img decoding=\"async\" class=\"swiper-slide-image\" src=\"http:\/\/www.elements-jazz.com\/wp-content\/uploads\/2024\/11\/IMG_9258-225x300.jpg\" alt=\"IMG_9258\" \/><\/figure><\/div><div class=\"swiper-slide\" role=\"group\" aria-roledescription=\"slide\" aria-label=\"9 sur 10\"><figure class=\"swiper-slide-inner\"><img decoding=\"async\" class=\"swiper-slide-image\" src=\"http:\/\/www.elements-jazz.com\/wp-content\/uploads\/2024\/11\/IMG_9257-225x300.jpg\" alt=\"IMG_9257\" \/><\/figure><\/div><div class=\"swiper-slide\" role=\"group\" aria-roledescription=\"slide\" aria-label=\"10 sur 10\"><figure class=\"swiper-slide-inner\"><img decoding=\"async\" class=\"swiper-slide-image\" src=\"http:\/\/www.elements-jazz.com\/wp-content\/uploads\/2024\/11\/IMG_9256-225x300.jpg\" alt=\"IMG_9256\" \/><\/figure><\/div>\t\t\t<\/div>\n\t\t\t\t\t\t\t\t\t\t\t\t<div class=\"elementor-swiper-button elementor-swiper-button-prev\" role=\"button\" tabindex=\"0\">\n\t\t\t\t\t\t<svg aria-hidden=\"true\" class=\"e-font-icon-svg e-eicon-chevron-left\" viewBox=\"0 0 1000 1000\" xmlns=\"http:\/\/www.w3.org\/2000\/svg\"><path d=\"M646 125C629 125 613 133 604 142L308 442C296 454 292 471 292 487 292 504 296 521 308 533L604 854C617 867 629 875 646 875 663 875 679 871 692 858 704 846 713 829 713 812 713 796 708 779 692 767L438 487 692 225C700 217 708 204 708 187 708 171 704 154 692 142 675 129 663 125 646 125Z\"><\/path><\/svg>\t\t\t\t\t<\/div>\n\t\t\t\t\t<div class=\"elementor-swiper-button elementor-swiper-button-next\" role=\"button\" tabindex=\"0\">\n\t\t\t\t\t\t<svg aria-hidden=\"true\" class=\"e-font-icon-svg e-eicon-chevron-right\" viewBox=\"0 0 1000 1000\" xmlns=\"http:\/\/www.w3.org\/2000\/svg\"><path d=\"M696 533C708 521 713 504 713 487 713 471 708 454 696 446L400 146C388 133 375 125 354 125 338 125 325 129 313 142 300 154 292 171 292 187 292 204 296 221 308 233L563 492 304 771C292 783 288 800 288 817 288 833 296 850 308 863 321 871 338 875 354 875 371 875 388 867 400 854L696 533Z\"><\/path><\/svg>\t\t\t\t\t<\/div>\n\t\t\t\t\n\t\t\t\t\t\t\t\t\t<div class=\"swiper-pagination\"><\/div>\n\t\t\t\t\t\t\t\t\t<\/div>\n\t\t\t\t<\/div>\n\t\t\t\t<\/div>\n\t\t\t\t\t<\/div>\n\t\t\t\t<\/div>\n\t\t<div class=\"elementor-element elementor-element-e9e13e3 e-flex e-con-boxed wpr-particle-no wpr-jarallax-no wpr-parallax-no wpr-sticky-section-no e-con e-parent\" data-id=\"e9e13e3\" data-element_type=\"container\">\n\t\t\t\t\t<div class=\"e-con-inner\">\n\t\t\t\t<div class=\"elementor-element elementor-element-44750be elementor-widget elementor-widget-text-editor\" data-id=\"44750be\" data-element_type=\"widget\" data-widget_type=\"text-editor.default\">\n\t\t\t\t<div class=\"elementor-widget-container\">\n\t\t\t\t\t\t\t<pre class=\"vC7TJ allowTextSelection\">Exemple de set: \n\nSet 1 (ca. 45min)\n\n1 - The Saga Of Harrison Crabfeather\t\tSteve Kuhn\n2 - Blue Bossa \t\t\t\t\tKenny Dorham\n3 - Blue Monk \t\t\t\t\tThelonious Monk\n4 - Beautiful Love \t\t\t\tVictor Young\n5 - All The Things You Are \t\t\tJerome Kern\n6 - So What \t\t\t\t\tMiles Davis\n\n*** break ***\n\nSet 2 (ca. 45min)\n\n7 - Caravan \t\t\t\t\tDuke Ellington\n8 - Footprints \t\t\t\t\tWayne Shorter\n9 - Naima \t\t\t\t\tJohn Coltrane\n10 - Solar \t\t\t\t\tMiles Davis\n11 - Stella By Starlight \t\t\tVictor Young\n12 - Watermelon Man \t\t\t\tHerbie Hancock<\/pre>\t\t\t\t\t\t<\/div>\n\t\t\t\t<\/div>\n\t\t\t\t\t<\/div>\n\t\t\t\t<\/div>\n\t\t\t\t<\/div>\n\t\t","protected":false},"excerpt":{"rendered":"<p>https:\/\/youtu.be\/NX61yeV07Vg?si=7lOtGUe8a6sFNgeI Exploration musicaleElements Jazz propose un voyage \u00e0 travers l&rsquo;histoire du jazz, de ses racines swing aux explorations funk et soul des ann\u00e9es 70. Voici quelques exemples des artistes et compositions interpr\u00e9t\u00e9s par le groupe : Ann\u00e9es 30-40 : Duke Ellington, Fats Waller, Cole Porter Ann\u00e9es 50 : Miles Davis, Charlie Parker, Dizzy Gillespie Ann\u00e9es 60 : Horace Silver, Richard Rodgers Ann\u00e9es 70 : Herbie Hancock, fusion jazz-funk Styles vari\u00e9s : Swing, bossa nova, latin jazz, blues et funk. Chaque performance est con\u00e7ue pour (re)d\u00e9couvrir les grands classiques tout en int\u00e9grant une touche moderne propre \u00e0 Elements Jazz. Exemple de set: Set 1 (ca. 45min) 1 &#8211; The Saga Of Harrison Crabfeather Steve Kuhn 2 &#8211; Blue Bossa Kenny Dorham 3 &#8211; Blue Monk Thelonious Monk 4 &#8211; Beautiful Love Victor Young 5 &#8211; All The Things You Are Jerome Kern 6 &#8211; So What Miles Davis *** break *** Set 2 (ca. 45min) 7 &#8211; Caravan Duke Ellington 8 &#8211; Footprints Wayne Shorter 9 &#8211; Naima John Coltrane 10 &#8211; Solar Miles Davis 11 &#8211; Stella By Starlight Victor Young 12 &#8211; Watermelon Man Herbie Hancock<\/p>\n","protected":false},"author":1,"featured_media":0,"parent":0,"menu_order":0,"comment_status":"closed","ping_status":"closed","template":"","meta":{"footnotes":""},"class_list":["post-84","page","type-page","status-publish","hentry"],"yoast_head":"<!-- This site is optimized with the Yoast SEO plugin v23.8 - https:\/\/yoast.com\/wordpress\/plugins\/seo\/ -->\n<title>Repertoire - Elements Jazz<\/title>\n<meta name=\"robots\" content=\"index, follow, max-snippet:-1, max-image-preview:large, max-video-preview:-1\" \/>\n<link rel=\"canonical\" href=\"http:\/\/www.elements-jazz.com\/index.php\/repertoire\/\" \/>\n<meta property=\"og:locale\" content=\"fr_FR\" \/>\n<meta property=\"og:type\" content=\"article\" \/>\n<meta property=\"og:title\" content=\"Repertoire - Elements Jazz\" \/>\n<meta property=\"og:description\" content=\"https:\/\/youtu.be\/NX61yeV07Vg?si=7lOtGUe8a6sFNgeI Exploration musicaleElements Jazz propose un voyage \u00e0 travers l&rsquo;histoire du jazz, de ses racines swing aux explorations funk et soul des ann\u00e9es 70. Voici quelques exemples des artistes et compositions interpr\u00e9t\u00e9s par le groupe : Ann\u00e9es 30-40 : Duke Ellington, Fats Waller, Cole Porter Ann\u00e9es 50 : Miles Davis, Charlie Parker, Dizzy Gillespie Ann\u00e9es 60 : Horace Silver, Richard Rodgers Ann\u00e9es 70 : Herbie Hancock, fusion jazz-funk Styles vari\u00e9s : Swing, bossa nova, latin jazz, blues et funk. Chaque performance est con\u00e7ue pour (re)d\u00e9couvrir les grands classiques tout en int\u00e9grant une touche moderne propre \u00e0 Elements Jazz. Exemple de set: Set 1 (ca. 45min) 1 - The Saga Of Harrison Crabfeather Steve Kuhn 2 - Blue Bossa Kenny Dorham 3 - Blue Monk Thelonious Monk 4 - Beautiful Love Victor Young 5 - All The Things You Are Jerome Kern 6 - So What Miles Davis *** break *** Set 2 (ca. 45min) 7 - Caravan Duke Ellington 8 - Footprints Wayne Shorter 9 - Naima John Coltrane 10 - Solar Miles Davis 11 - Stella By Starlight Victor Young 12 - Watermelon Man Herbie Hancock\" \/>\n<meta property=\"og:url\" content=\"http:\/\/www.elements-jazz.com\/index.php\/repertoire\/\" \/>\n<meta property=\"og:site_name\" content=\"Elements Jazz\" \/>\n<meta property=\"article:modified_time\" content=\"2024-11-13T13:16:33+00:00\" \/>\n<meta property=\"og:image\" content=\"http:\/\/www.elements-jazz.com\/wp-content\/uploads\/2024\/11\/IMG_9265-225x300.jpg\" \/>\n<meta name=\"twitter:card\" content=\"summary_large_image\" \/>\n<meta name=\"twitter:label1\" content=\"Dur\u00e9e de lecture estim\u00e9e\" \/>\n\t<meta name=\"twitter:data1\" content=\"1 minute\" \/>\n<script type=\"application\/ld+json\" class=\"yoast-schema-graph\">{\"@context\":\"https:\/\/schema.org\",\"@graph\":[{\"@type\":\"WebPage\",\"@id\":\"http:\/\/www.elements-jazz.com\/index.php\/repertoire\/\",\"url\":\"http:\/\/www.elements-jazz.com\/index.php\/repertoire\/\",\"name\":\"Repertoire - Elements Jazz\",\"isPartOf\":{\"@id\":\"http:\/\/www.elements-jazz.com\/#website\"},\"primaryImageOfPage\":{\"@id\":\"http:\/\/www.elements-jazz.com\/index.php\/repertoire\/#primaryimage\"},\"image\":{\"@id\":\"http:\/\/www.elements-jazz.com\/index.php\/repertoire\/#primaryimage\"},\"thumbnailUrl\":\"http:\/\/www.elements-jazz.com\/wp-content\/uploads\/2024\/11\/IMG_9265-225x300.jpg\",\"datePublished\":\"2024-11-13T10:50:52+00:00\",\"dateModified\":\"2024-11-13T13:16:33+00:00\",\"breadcrumb\":{\"@id\":\"http:\/\/www.elements-jazz.com\/index.php\/repertoire\/#breadcrumb\"},\"inLanguage\":\"fr-FR\",\"potentialAction\":[{\"@type\":\"ReadAction\",\"target\":[\"http:\/\/www.elements-jazz.com\/index.php\/repertoire\/\"]}]},{\"@type\":\"ImageObject\",\"inLanguage\":\"fr-FR\",\"@id\":\"http:\/\/www.elements-jazz.com\/index.php\/repertoire\/#primaryimage\",\"url\":\"https:\/\/www.elements-jazz.com\/wp-content\/uploads\/2024\/11\/IMG_9265-scaled.jpg\",\"contentUrl\":\"https:\/\/www.elements-jazz.com\/wp-content\/uploads\/2024\/11\/IMG_9265-scaled.jpg\",\"width\":1920,\"height\":2560},{\"@type\":\"BreadcrumbList\",\"@id\":\"http:\/\/www.elements-jazz.com\/index.php\/repertoire\/#breadcrumb\",\"itemListElement\":[{\"@type\":\"ListItem\",\"position\":1,\"name\":\"Accueil\",\"item\":\"http:\/\/www.elements-jazz.com\/\"},{\"@type\":\"ListItem\",\"position\":2,\"name\":\"Repertoire\"}]},{\"@type\":\"WebSite\",\"@id\":\"http:\/\/www.elements-jazz.com\/#website\",\"url\":\"http:\/\/www.elements-jazz.com\/\",\"name\":\"Elements Jazz\",\"description\":\"Vibrez au rythme d\u2019Elements Jazz\",\"potentialAction\":[{\"@type\":\"SearchAction\",\"target\":{\"@type\":\"EntryPoint\",\"urlTemplate\":\"http:\/\/www.elements-jazz.com\/?s={search_term_string}\"},\"query-input\":{\"@type\":\"PropertyValueSpecification\",\"valueRequired\":true,\"valueName\":\"search_term_string\"}}],\"inLanguage\":\"fr-FR\"}]}<\/script>\n<!-- \/ Yoast SEO plugin. -->","yoast_head_json":{"title":"Repertoire - Elements Jazz","robots":{"index":"index","follow":"follow","max-snippet":"max-snippet:-1","max-image-preview":"max-image-preview:large","max-video-preview":"max-video-preview:-1"},"canonical":"http:\/\/www.elements-jazz.com\/index.php\/repertoire\/","og_locale":"fr_FR","og_type":"article","og_title":"Repertoire - Elements Jazz","og_description":"https:\/\/youtu.be\/NX61yeV07Vg?si=7lOtGUe8a6sFNgeI Exploration musicaleElements Jazz propose un voyage \u00e0 travers l&rsquo;histoire du jazz, de ses racines swing aux explorations funk et soul des ann\u00e9es 70. Voici quelques exemples des artistes et compositions interpr\u00e9t\u00e9s par le groupe : Ann\u00e9es 30-40 : Duke Ellington, Fats Waller, Cole Porter Ann\u00e9es 50 : Miles Davis, Charlie Parker, Dizzy Gillespie Ann\u00e9es 60 : Horace Silver, Richard Rodgers Ann\u00e9es 70 : Herbie Hancock, fusion jazz-funk Styles vari\u00e9s : Swing, bossa nova, latin jazz, blues et funk. Chaque performance est con\u00e7ue pour (re)d\u00e9couvrir les grands classiques tout en int\u00e9grant une touche moderne propre \u00e0 Elements Jazz. Exemple de set: Set 1 (ca. 45min) 1 - The Saga Of Harrison Crabfeather Steve Kuhn 2 - Blue Bossa Kenny Dorham 3 - Blue Monk Thelonious Monk 4 - Beautiful Love Victor Young 5 - All The Things You Are Jerome Kern 6 - So What Miles Davis *** break *** Set 2 (ca. 45min) 7 - Caravan Duke Ellington 8 - Footprints Wayne Shorter 9 - Naima John Coltrane 10 - Solar Miles Davis 11 - Stella By Starlight Victor Young 12 - Watermelon Man Herbie Hancock","og_url":"http:\/\/www.elements-jazz.com\/index.php\/repertoire\/","og_site_name":"Elements Jazz","article_modified_time":"2024-11-13T13:16:33+00:00","og_image":[{"url":"http:\/\/www.elements-jazz.com\/wp-content\/uploads\/2024\/11\/IMG_9265-225x300.jpg"}],"twitter_card":"summary_large_image","twitter_misc":{"Dur\u00e9e de lecture estim\u00e9e":"1 minute"},"schema":{"@context":"https:\/\/schema.org","@graph":[{"@type":"WebPage","@id":"http:\/\/www.elements-jazz.com\/index.php\/repertoire\/","url":"http:\/\/www.elements-jazz.com\/index.php\/repertoire\/","name":"Repertoire - Elements Jazz","isPartOf":{"@id":"http:\/\/www.elements-jazz.com\/#website"},"primaryImageOfPage":{"@id":"http:\/\/www.elements-jazz.com\/index.php\/repertoire\/#primaryimage"},"image":{"@id":"http:\/\/www.elements-jazz.com\/index.php\/repertoire\/#primaryimage"},"thumbnailUrl":"http:\/\/www.elements-jazz.com\/wp-content\/uploads\/2024\/11\/IMG_9265-225x300.jpg","datePublished":"2024-11-13T10:50:52+00:00","dateModified":"2024-11-13T13:16:33+00:00","breadcrumb":{"@id":"http:\/\/www.elements-jazz.com\/index.php\/repertoire\/#breadcrumb"},"inLanguage":"fr-FR","potentialAction":[{"@type":"ReadAction","target":["http:\/\/www.elements-jazz.com\/index.php\/repertoire\/"]}]},{"@type":"ImageObject","inLanguage":"fr-FR","@id":"http:\/\/www.elements-jazz.com\/index.php\/repertoire\/#primaryimage","url":"https:\/\/www.elements-jazz.com\/wp-content\/uploads\/2024\/11\/IMG_9265-scaled.jpg","contentUrl":"https:\/\/www.elements-jazz.com\/wp-content\/uploads\/2024\/11\/IMG_9265-scaled.jpg","width":1920,"height":2560},{"@type":"BreadcrumbList","@id":"http:\/\/www.elements-jazz.com\/index.php\/repertoire\/#breadcrumb","itemListElement":[{"@type":"ListItem","position":1,"name":"Accueil","item":"http:\/\/www.elements-jazz.com\/"},{"@type":"ListItem","position":2,"name":"Repertoire"}]},{"@type":"WebSite","@id":"http:\/\/www.elements-jazz.com\/#website","url":"http:\/\/www.elements-jazz.com\/","name":"Elements Jazz","description":"Vibrez au rythme d\u2019Elements Jazz","potentialAction":[{"@type":"SearchAction","target":{"@type":"EntryPoint","urlTemplate":"http:\/\/www.elements-jazz.com\/?s={search_term_string}"},"query-input":{"@type":"PropertyValueSpecification","valueRequired":true,"valueName":"search_term_string"}}],"inLanguage":"fr-FR"}]}},"_links":{"self":[{"href":"https:\/\/www.elements-jazz.com\/index.php\/wp-json\/wp\/v2\/pages\/84","targetHints":{"allow":["GET"]}}],"collection":[{"href":"https:\/\/www.elements-jazz.com\/index.php\/wp-json\/wp\/v2\/pages"}],"about":[{"href":"https:\/\/www.elements-jazz.com\/index.php\/wp-json\/wp\/v2\/types\/page"}],"author":[{"embeddable":true,"href":"https:\/\/www.elements-jazz.com\/index.php\/wp-json\/wp\/v2\/users\/1"}],"replies":[{"embeddable":true,"href":"https:\/\/www.elements-jazz.com\/index.php\/wp-json\/wp\/v2\/comments?post=84"}],"version-history":[{"count":16,"href":"https:\/\/www.elements-jazz.com\/index.php\/wp-json\/wp\/v2\/pages\/84\/revisions"}],"predecessor-version":[{"id":349,"href":"https:\/\/www.elements-jazz.com\/index.php\/wp-json\/wp\/v2\/pages\/84\/revisions\/349"}],"wp:attachment":[{"href":"https:\/\/www.elements-jazz.com\/index.php\/wp-json\/wp\/v2\/media?parent=84"}],"curies":[{"name":"wp","href":"https:\/\/api.w.org\/{rel}","templated":true}]}}